{"id":153,"date":"2024-10-04T01:20:29","date_gmt":"2024-10-04T01:20:29","guid":{"rendered":"https:\/\/skyhawkassetrecoveryllc.com\/?page_id=153"},"modified":"2025-01-31T15:19:47","modified_gmt":"2025-01-31T15:19:47","slug":"terms","status":"publish","type":"page","link":"https:\/\/skyhawkassetrecoveryllc.com\/es\/terms\/","title":{"rendered":"T\u00c9RMINOS Y CONDICIONES"},"content":{"rendered":"<div data-elementor-type=\"wp-page\" data-elementor-id=\"153\" class=\"elementor elementor-153\" data-elementor-post-type=\"page\">\n\t\t\t\t<div class=\"elementor-element elementor-element-13b1ba2 e-flex e-con-boxed e-con e-parent\" data-id=\"13b1ba2\" data-element_type=\"container\" data-e-type=\"container\">\n\t\t\t\t\t<div class=\"e-con-inner\">\n\t\t\t\t<div class=\"elementor-element elementor-element-376d913 elementor-widget elementor-widget-text-editor\" data-id=\"376d913\" data-element_type=\"widget\" data-e-type=\"widget\" data-widget_type=\"text-editor.default\">\n\t\t\t\t<div class=\"elementor-widget-container\">\n\t\t\t\t\t\t\t\t\t<p><strong>T\u00c9RMINOS Y CONDICIONES<\/strong><\/p><p>Estos t\u00e9rminos y condiciones (los \"T\u00e9rminos y Condiciones\") rigen el uso de www.skyhawkassetrecoveryllc.com (el \"Sitio\"). Este Sitio es propiedad y est\u00e1 operado por SkyHawk Asset Recovery LLC. Este Sitio se dedica a la recuperaci\u00f3n de activos en casos de bancarrota y ejecuci\u00f3n hipotecaria.<\/p><p>Al usar este Sitio, usted indica que ha le\u00eddo y comprende estos T\u00e9rminos y Condiciones y acepta cumplir con ellos en todo momento.<\/p><p><strong>Propiedad Intelectual<\/strong><\/p><p>Todo el contenido publicado y disponible en nuestro Sitio es propiedad de SkyHawk Asset Recovery LLC y de los creadores del Sitio. Esto incluye, pero no se limita a im\u00e1genes, texto, logotipos, documentos, archivos descargables y cualquier otro elemento que contribuya a la composici\u00f3n de nuestro Sitio.<\/p><p><strong>Restricciones de Edad<\/strong><\/p><p>La edad m\u00ednima para usar nuestro Sitio es de 18 a\u00f1os. Al usar este Sitio, los usuarios aceptan que tienen m\u00e1s de 18 a\u00f1os. No asumimos ninguna responsabilidad legal por declaraciones falsas sobre la edad.<\/p><p><strong>Uso Aceptable<\/strong><br \/>Como usuario de nuestro Sitio, usted acepta usar nuestro Sitio de manera legal, no usar nuestro Sitio para fines ilegales y no infringir los derechos de propiedad intelectual de los propietarios del Sitio o de terceros relacionados con el Sitio.<\/p><p>Si creemos que usted est\u00e1 utilizando nuestro Sitio de manera ilegal o de manera que viole estos T\u00e9rminos y Condiciones, nos reservamos el derecho de limitar, suspender o terminar su acceso a nuestro Sitio. Tambi\u00e9n nos reservamos el derecho de tomar cualquier medida legal necesaria para evitar que acceda a nuestro Sitio.<\/p><p><strong>Productos y Servicios de Terceros<\/strong><br \/>Nuestro Sitio puede ofrecer productos y servicios de terceros. No podemos garantizar la calidad o exactitud de los productos y servicios ofrecidos por terceros en nuestro Sitio.<\/p><p><strong>Enlaces a Otros Sitios Web<\/strong><br \/>Nuestro Sitio contiene enlaces a sitios web o servicios de terceros que no poseemos ni controlamos. No somos responsables del contenido, pol\u00edticas o pr\u00e1cticas de ning\u00fan sitio web o servicio de terceros vinculado en nuestro Sitio. Es su responsabilidad leer los t\u00e9rminos y condiciones y las pol\u00edticas de privacidad de estos sitios de terceros antes de utilizarlos.<\/p><p><strong>Limitaci\u00f3n de Responsabilidad<\/strong><br \/>SkyHawk Asset Recovery LLC y nuestros directores, funcionarios, agentes, empleados, subsidiarias y afiliados no ser\u00e1n responsables de ninguna acci\u00f3n, reclamaci\u00f3n, p\u00e9rdida, da\u00f1o, responsabilidad y gastos, incluidos los honorarios legales, derivados del uso que usted haga del Sitio.<\/p><p><strong>Indemnizaci\u00f3n<\/strong><br \/>Excepto donde est\u00e9 prohibido por la ley, al usar este Sitio usted indemniza y exime de responsabilidad a SkyHawk Asset Recovery LLC y a nuestros directores, funcionarios, agentes, empleados, subsidiarias y afiliados de cualquier acci\u00f3n, reclamaci\u00f3n, p\u00e9rdida, da\u00f1o, responsabilidad y gastos, incluidos los honorarios legales, que surjan de su uso de nuestro Sitio o de su violaci\u00f3n de estos T\u00e9rminos y Condiciones.<\/p><p><strong>Ley Aplicable<\/strong><br \/>Estos T\u00e9rminos y Condiciones se rigen por las leyes del Estado de Colorado.<\/p><p><strong>Divisibilidad<\/strong><br \/>Si en alg\u00fan momento se determina que alguna de las disposiciones establecidas en estos T\u00e9rminos y Condiciones es inconsistente o inv\u00e1lida conforme a las leyes aplicables, dicha disposici\u00f3n se considerar\u00e1 nula y ser\u00e1 eliminada de estos T\u00e9rminos y Condiciones. Todas las dem\u00e1s disposiciones no se ver\u00e1n afectadas por la eliminaci\u00f3n y el resto de estos T\u00e9rminos y Condiciones se considerar\u00e1 v\u00e1lido.<\/p><p><strong>Cambios<\/strong><br \/>Estos T\u00e9rminos y Condiciones pueden ser modificados de vez en cuando con el fin de mantener el cumplimiento con la ley y reflejar cualquier cambio en la manera en que operamos nuestro Sitio y la manera en que esperamos que los usuarios se comporten en nuestro Sitio. Notificaremos a los usuarios por correo electr\u00f3nico sobre los cambios en estos T\u00e9rminos y Condiciones o publicaremos un aviso en nuestro Sitio.<\/p><p><strong>Datos de Contacto<\/strong><br \/>Por favor cont\u00e1ctenos si tiene alguna pregunta o inquietud. Nuestros datos de contacto son los siguientes:<\/p><p>(877) 411-4295<br \/>info@skyhawkassetrecoveryllc.com<\/p><p>12424 Big Timber Dr. #5 Conifer, CO 80433<\/p><p>\u00a9 2025 SkyHawk Asset Recovery LLC. Todos los derechos reservados.<\/p><p>Fecha de vigencia: 31 de enero de 2025<\/p>\t\t\t\t\t\t\t\t<\/div>\n\t\t\t\t<\/div>\n\t\t\t\t\t<\/div>\n\t\t\t\t<\/div>\n\t\t\t\t<\/div>","protected":false},"excerpt":{"rendered":"<p>TERMS AND CONDITIONS These terms and conditions (the &#8220;Terms and Conditions&#8221;) govern the use of www.skyhawkassetrecoveryllc.com (the &#8220;Site&#8221;). This Site is owned and operated by SkyHawk Asset Recovery LLC. This Site is a asset recovery for bankruptcy and foreclosure. By using this Site, you indicate that you have read and understand these Terms and Conditions [&hellip;]<\/p>\n","protected":false},"author":1,"featured_media":0,"parent":0,"menu_order":0,"comment_status":"closed","ping_status":"closed","template":"","meta":{"nf_dc_page":"","om_disable_all_campaigns":false,"_monsterinsights_skip_tracking":false,"_monsterinsights_sitenote_active":false,"_monsterinsights_sitenote_note":"","_monsterinsights_sitenote_category":0,"footnotes":""},"class_list":["post-153","page","type-page","status-publish","hentry"],"yoast_head":"<!-- This site is optimized with the Yoast SEO plugin v27.6 - https:\/\/yoast.com\/product\/yoast-seo-wordpress\/ -->\n<title>Terms &amp; Conditions -<\/title>\n<meta name=\"robots\" content=\"index, follow, max-snippet:-1, max-image-preview:large, max-video-preview:-1\" \/>\n<link rel=\"canonical\" href=\"https:\/\/skyhawkassetrecoveryllc.com\/es\/terms\/\" \/>\n<meta property=\"og:locale\" content=\"es_MX\" \/>\n<meta property=\"og:type\" content=\"article\" \/>\n<meta property=\"og:title\" content=\"Terms &amp; Conditions -\" \/>\n<meta property=\"og:description\" content=\"TERMS AND CONDITIONS These terms and conditions (the &#8220;Terms and Conditions&#8221;) govern the use of www.skyhawkassetrecoveryllc.com (the &#8220;Site&#8221;). This Site is owned and operated by SkyHawk Asset Recovery LLC. This Site is a asset recovery for bankruptcy and foreclosure. By using this Site, you indicate that you have read and understand these Terms and Conditions [&hellip;]\" \/>\n<meta property=\"og:url\" content=\"https:\/\/skyhawkassetrecoveryllc.com\/es\/terms\/\" \/>\n<meta property=\"article:modified_time\" content=\"2025-01-31T15:19:47+00:00\" \/>\n<meta name=\"twitter:card\" content=\"summary_large_image\" \/>\n<meta name=\"twitter:label1\" content=\"Tiempo de lectura\" \/>\n\t<meta name=\"twitter:data1\" content=\"3 minutos\" \/>\n<script type=\"application\/ld+json\" class=\"yoast-schema-graph\">{\"@context\":\"https:\\\/\\\/schema.org\",\"@graph\":[{\"@type\":\"WebPage\",\"@id\":\"https:\\\/\\\/skyhawkassetrecoveryllc.com\\\/terms\\\/\",\"url\":\"https:\\\/\\\/skyhawkassetrecoveryllc.com\\\/terms\\\/\",\"name\":\"Terms & Conditions -\",\"isPartOf\":{\"@id\":\"https:\\\/\\\/skyhawkassetrecoveryllc.com\\\/#website\"},\"datePublished\":\"2024-10-04T01:20:29+00:00\",\"dateModified\":\"2025-01-31T15:19:47+00:00\",\"breadcrumb\":{\"@id\":\"https:\\\/\\\/skyhawkassetrecoveryllc.com\\\/terms\\\/#breadcrumb\"},\"inLanguage\":\"es\",\"potentialAction\":[{\"@type\":\"ReadAction\",\"target\":[\"https:\\\/\\\/skyhawkassetrecoveryllc.com\\\/terms\\\/\"]}]},{\"@type\":\"BreadcrumbList\",\"@id\":\"https:\\\/\\\/skyhawkassetrecoveryllc.com\\\/terms\\\/#breadcrumb\",\"itemListElement\":[{\"@type\":\"ListItem\",\"position\":1,\"name\":\"Home\",\"item\":\"https:\\\/\\\/skyhawkassetrecoveryllc.com\\\/\"},{\"@type\":\"ListItem\",\"position\":2,\"name\":\"Terms &#038; Conditions\"}]},{\"@type\":\"WebSite\",\"@id\":\"https:\\\/\\\/skyhawkassetrecoveryllc.com\\\/#website\",\"url\":\"https:\\\/\\\/skyhawkassetrecoveryllc.com\\\/\",\"name\":\"\",\"description\":\"\",\"potentialAction\":[{\"@type\":\"SearchAction\",\"target\":{\"@type\":\"EntryPoint\",\"urlTemplate\":\"https:\\\/\\\/skyhawkassetrecoveryllc.com\\\/?s={search_term_string}\"},\"query-input\":{\"@type\":\"PropertyValueSpecification\",\"valueRequired\":true,\"valueName\":\"search_term_string\"}}],\"inLanguage\":\"es\"}]}<\/script>\n<!-- \/ Yoast SEO plugin. -->","yoast_head_json":{"title":"Terms & Conditions -","robots":{"index":"index","follow":"follow","max-snippet":"max-snippet:-1","max-image-preview":"max-image-preview:large","max-video-preview":"max-video-preview:-1"},"canonical":"https:\/\/skyhawkassetrecoveryllc.com\/es\/terms\/","og_locale":"es_MX","og_type":"article","og_title":"Terms & Conditions -","og_description":"TERMS AND CONDITIONS These terms and conditions (the &#8220;Terms and Conditions&#8221;) govern the use of www.skyhawkassetrecoveryllc.com (the &#8220;Site&#8221;). This Site is owned and operated by SkyHawk Asset Recovery LLC. This Site is a asset recovery for bankruptcy and foreclosure. By using this Site, you indicate that you have read and understand these Terms and Conditions [&hellip;]","og_url":"https:\/\/skyhawkassetrecoveryllc.com\/es\/terms\/","article_modified_time":"2025-01-31T15:19:47+00:00","twitter_card":"summary_large_image","twitter_misc":{"Tiempo de lectura":"3 minutos"},"schema":{"@context":"https:\/\/schema.org","@graph":[{"@type":"WebPage","@id":"https:\/\/skyhawkassetrecoveryllc.com\/terms\/","url":"https:\/\/skyhawkassetrecoveryllc.com\/terms\/","name":"Terms & Conditions -","isPartOf":{"@id":"https:\/\/skyhawkassetrecoveryllc.com\/#website"},"datePublished":"2024-10-04T01:20:29+00:00","dateModified":"2025-01-31T15:19:47+00:00","breadcrumb":{"@id":"https:\/\/skyhawkassetrecoveryllc.com\/terms\/#breadcrumb"},"inLanguage":"es","potentialAction":[{"@type":"ReadAction","target":["https:\/\/skyhawkassetrecoveryllc.com\/terms\/"]}]},{"@type":"BreadcrumbList","@id":"https:\/\/skyhawkassetrecoveryllc.com\/terms\/#breadcrumb","itemListElement":[{"@type":"ListItem","position":1,"name":"Home","item":"https:\/\/skyhawkassetrecoveryllc.com\/"},{"@type":"ListItem","position":2,"name":"Terms &#038; Conditions"}]},{"@type":"WebSite","@id":"https:\/\/skyhawkassetrecoveryllc.com\/#website","url":"https:\/\/skyhawkassetrecoveryllc.com\/","name":"","description":"","potentialAction":[{"@type":"SearchAction","target":{"@type":"EntryPoint","urlTemplate":"https:\/\/skyhawkassetrecoveryllc.com\/?s={search_term_string}"},"query-input":{"@type":"PropertyValueSpecification","valueRequired":true,"valueName":"search_term_string"}}],"inLanguage":"es"}]}},"jetpack_sharing_enabled":true,"_links":{"self":[{"href":"https:\/\/skyhawkassetrecoveryllc.com\/es\/wp-json\/wp\/v2\/pages\/153","targetHints":{"allow":["GET"]}}],"collection":[{"href":"https:\/\/skyhawkassetrecoveryllc.com\/es\/wp-json\/wp\/v2\/pages"}],"about":[{"href":"https:\/\/skyhawkassetrecoveryllc.com\/es\/wp-json\/wp\/v2\/types\/page"}],"author":[{"embeddable":true,"href":"https:\/\/skyhawkassetrecoveryllc.com\/es\/wp-json\/wp\/v2\/users\/1"}],"replies":[{"embeddable":true,"href":"https:\/\/skyhawkassetrecoveryllc.com\/es\/wp-json\/wp\/v2\/comments?post=153"}],"version-history":[{"count":20,"href":"https:\/\/skyhawkassetrecoveryllc.com\/es\/wp-json\/wp\/v2\/pages\/153\/revisions"}],"predecessor-version":[{"id":365,"href":"https:\/\/skyhawkassetrecoveryllc.com\/es\/wp-json\/wp\/v2\/pages\/153\/revisions\/365"}],"wp:attachment":[{"href":"https:\/\/skyhawkassetrecoveryllc.com\/es\/wp-json\/wp\/v2\/media?parent=153"}],"curies":[{"name":"wp","href":"https:\/\/api.w.org\/{rel}","templated":true}]}}