{"id":163,"date":"2024-10-04T01:26:46","date_gmt":"2024-10-04T01:26:46","guid":{"rendered":"https:\/\/skyhawkassetrecoveryllc.com\/?page_id=163"},"modified":"2025-03-17T06:28:45","modified_gmt":"2025-03-17T06:28:45","slug":"privacy","status":"publish","type":"page","link":"https:\/\/skyhawkassetrecoveryllc.com\/es\/privacy\/","title":{"rendered":"Pol\u00edtica de privacidad"},"content":{"rendered":"<div data-elementor-type=\"wp-page\" data-elementor-id=\"163\" class=\"elementor elementor-163\" data-elementor-post-type=\"page\">\n\t\t\t\t<div class=\"elementor-element elementor-element-fc09488 e-flex e-con-boxed e-con e-parent\" data-id=\"fc09488\" data-element_type=\"container\" data-e-type=\"container\">\n\t\t\t\t\t<div class=\"e-con-inner\">\n\t\t\t\t<div class=\"elementor-element elementor-element-ae0dfb0 elementor-widget elementor-widget-text-editor\" data-id=\"ae0dfb0\" data-element_type=\"widget\" data-e-type=\"widget\" data-widget_type=\"text-editor.default\">\n\t\t\t\t<div class=\"elementor-widget-container\">\n\t\t\t\t\t\t\t\t\t<p>www.skyhawkassetrecoveryllc.com (el \u201cSitio\u201d) es propiedad y est\u00e1 operado por Kimberly Russell y Bill Aubin. Puede contactar a Kimberly Russell y Bill Aubin en:<\/p><p>info@skyhawkassetrecoveryllc.com<br \/>(877) 411-4295<br \/>12424 Big Timber Drive #5 Conifer, CO 80433<\/p><p><strong>Prop\u00f3sito\u00a0<\/strong><br \/>El prop\u00f3sito de esta pol\u00edtica de privacidad (esta \u201cPol\u00edtica de Privacidad\u201d) es informar a los usuarios de nuestro Sitio sobre lo siguiente:<\/p><p>Los datos personales que recopilaremos;<br \/>Uso de los datos recopilados;<br \/>Qui\u00e9n tiene acceso a los datos recopilados;<br \/>Los derechos de los usuarios del Sitio; y<br \/>La pol\u00edtica de cookies del Sitio.<\/p><p>Esta Pol\u00edtica de Privacidad se aplica en adici\u00f3n a los t\u00e9rminos y condiciones de nuestro Sitio.<\/p><p><strong>Consentimiento<\/strong><br \/>Al utilizar nuestro Sitio, los usuarios aceptan lo siguiente:<\/p><p>Las condiciones establecidas en esta Pol\u00edtica de Privacidad; y<br \/>La recopilaci\u00f3n, uso y retenci\u00f3n de los datos enumerados en esta Pol\u00edtica de Privacidad.<\/p><p><strong>Datos Personales que Recopilamos<\/strong><br \/>Solo recopilamos los datos que nos ayudan a cumplir con el prop\u00f3sito establecido en esta Pol\u00edtica de Privacidad. No recopilaremos ning\u00fan dato adicional m\u00e1s all\u00e1 de los enumerados a continuaci\u00f3n sin notificarle primero.<\/p><p><strong>Datos Recopilados de Forma No Autom\u00e1tica<\/strong><\/p><p>Tambi\u00e9n podemos recopilar los siguientes datos cuando realiza ciertas funciones en nuestro Sitio:<\/p><p>Nombre y apellido;<br \/>Direcci\u00f3n de correo electr\u00f3nico; y<br \/>N\u00famero de tel\u00e9fono.<\/p><p>Estos datos pueden ser recopilados mediante los siguientes m\u00e9todos:<\/p><p>Formulario de contacto.<\/p><p><strong>C\u00f3mo Usamos los Datos Personales<\/strong><\/p><p>Los datos recopilados en nuestro Sitio solo se usar\u00e1n para los fines especificados en esta Pol\u00edtica de Privacidad o indicados en las p\u00e1ginas relevantes de nuestro Sitio. No utilizaremos sus datos m\u00e1s all\u00e1 de lo que se divulga en esta Pol\u00edtica de Privacidad.<\/p><p>Los datos que recopilamos cuando el usuario realiza ciertas funciones pueden ser utilizados para los siguientes fines:<\/p><p>Contactar a la persona cuando solicite nuestros servicios.<\/p><p><strong>Con Qui\u00e9n Compartimos los Datos Personales<\/strong><\/p><p><strong>Empleados<\/strong><br \/>Podemos divulgar los datos del usuario a cualquier miembro de nuestra organizaci\u00f3n que necesite razonablemente acceso a los datos del usuario<br \/>para cumplir con los fines establecidos en esta Pol\u00edtica de Privacidad.<\/p><p><strong>Otras Divulgaciones<\/strong><br \/>No venderemos ni compartiremos sus datos con otros terceros, excepto en los siguientes casos:<\/p><p>Si la ley lo requiere;<br \/>Si es necesario para cualquier procedimiento legal;<br \/>Para probar o proteger nuestros derechos legales; y<br \/>A compradores o posibles compradores de esta empresa en el caso de que busquemos vender la empresa.<\/p><p>Si sigue enlaces desde nuestro Sitio a otro sitio, tenga en cuenta que no somos responsables ni tenemos control sobre sus pol\u00edticas y pr\u00e1cticas de privacidad.<\/p><p><strong>Duraci\u00f3n de Almacenamiento de los Datos Personales<\/strong><br \/>Los datos del usuario se almacenar\u00e1n hasta que se logre el prop\u00f3sito para el cual se recopilaron los datos. Se le notificar\u00e1 si sus datos se conservan por un per\u00edodo m\u00e1s largo.<\/p><p><strong>C\u00f3mo Protegemos Sus Datos Personales<\/strong><br \/>Para proteger su seguridad, utilizamos el cifrado de navegador m\u00e1s avanzado disponible y almacenamos todos nuestros<br \/>datos en servidores en instalaciones seguras. Si bien tomamos todas las precauciones razonables para garantizar que los datos de los usuarios est\u00e9n seguros y que los usuarios est\u00e9n protegidos, siempre existe el riesgo de da\u00f1o. Internet, en general, puede ser inseguro a veces y, por lo tanto, no podemos garantizar la seguridad de los datos de los usuarios m\u00e1s all\u00e1 de lo que sea razonablemente pr\u00e1ctico.<\/p><p><strong>Ni\u00f1os<\/strong><br \/>La edad m\u00ednima para usar nuestro Sitio web es de 18 a\u00f1os. No recopilamos ni utilizamos deliberadamente datos personales de ni\u00f1os menores de 13 a\u00f1os. Si descubrimos que hemos recopilado datos personales de un ni\u00f1o menor de 13 a\u00f1os, los datos personales ser\u00e1n eliminados lo antes posible. Si un ni\u00f1o menor de 13 a\u00f1os nos ha proporcionado datos personales, su padre o tutor puede contactar a nuestro oficial de privacidad.<\/p><p><strong>C\u00f3mo Acceder, Modificar, Eliminar o Desafiar los Datos Recopilados<\/strong><\/p><p>Si desea saber si hemos recopilado sus datos personales, c\u00f3mo hemos utilizado sus datos personales, si hemos divulgado sus datos personales y a qui\u00e9n los hemos divulgado, o si desea que sus datos se eliminen o modifiquen de alguna manera, comun\u00edquese con nuestro oficial de privacidad aqu\u00ed:<\/p><p>Kimberly Russell<br \/>info@skyhawkassetrecoveryllc.com<br \/>(877) 411-4295<br \/>12424 Timber Drive #5\u00a0 Conifer, CO 80433<\/p><p><strong>Pol\u00edtica de Cookies<\/strong><br \/>Una cookie es un peque\u00f1o archivo que un sitio web almacena en el disco duro de un usuario. Su prop\u00f3sito es recopilar datos relacionados con los h\u00e1bitos de navegaci\u00f3n del usuario. Puede optar por ser notificado cada vez que se transmite una cookie. Tambi\u00e9n puede optar por deshabilitar las cookies por completo en su navegador de Internet, pero esto puede disminuir la calidad de su experiencia de usuario.<\/p><p>Usamos los siguientes tipos de cookies en nuestro Sitio:<\/p><p>Cookies funcional<br \/>Las cookies funcionales se utilizan para recordar las selecciones que realiza en nuestro Sitio para que sus selecciones se guarden para sus pr\u00f3ximas visitas.<\/p><p>Cookies anal\u00edticas<br \/>Las cookies anal\u00edticas nos permiten mejorar el dise\u00f1o y la funcionalidad de nuestro Sitio al recopilar datos sobre c\u00f3mo accede a nuestro Sitio, por ejemplo, datos sobre el contenido que accede, cu\u00e1nto tiempo permanece en nuestro Sitio, etc.<\/p><p>Cookies de terceros<br \/>Las cookies de terceros son creadas por un sitio web diferente al nuestro. Podemos usar cookies de terceros para lograr los siguientes prop\u00f3sitos:<\/p><p>a. Monitorear las preferencias del usuario para adaptar los anuncios en torno a sus intereses.<\/p><p>Modificaciones<br \/>Esta Pol\u00edtica de Privacidad puede enmendarse de vez en cuando para mantener el cumplimiento de la ley y reflejar cualquier cambio en nuestro proceso de recopilaci\u00f3n de datos. Cuando modifiquemos esta Pol\u00edtica de Privacidad, actualizaremos la \u201cFecha de Entrada en Vigencia\u201d en la parte superior de esta Pol\u00edtica de Privacidad. Recomendamos a nuestros usuarios que revisen peri\u00f3dicamente nuestra Pol\u00edtica de Privacidad para asegurarse de que est\u00e9n al tanto de las actualizaciones.<\/p><p>Si es necesario, podemos notificar a los usuarios por correo electr\u00f3nico sobre los cambios en esta Pol\u00edtica de Privacidad.<\/p><p><strong>Informaci\u00f3n de Contacto<\/strong><br \/>Si tiene alguna pregunta, inquietud o queja, puede comunicarse con nuestro oficial de privacidad, Kimberly Russell, en:<\/p><p>info@skyhawkassetrecoveryllc.com<br \/>(303) 520-7486<br \/>12424 Timber Dr #5 Conifer, CO 80433<\/p>\t\t\t\t\t\t\t\t<\/div>\n\t\t\t\t<\/div>\n\t\t\t\t\t<\/div>\n\t\t\t\t<\/div>\n\t\t\t\t<\/div>","protected":false},"excerpt":{"rendered":"<p>www.skyhawkassetrecoveryllc.com (the &#8220;Site&#8221;) is owned and operated by Kimberly Russell and Bill Aubin. Kimberly Russell and Bill Aubin can be contacted at: info@skyhawkassetrecoveryllc.com(877) 411-429512424 Big Timber Drive #5 Conifer, CO 80433 Purpose\u00a0The purpose of this privacy policy (this &#8220;Privacy Policy&#8221;) is to inform users of our Site of the following: 1. The personal data we [&hellip;]<\/p>\n","protected":false},"author":1,"featured_media":0,"parent":0,"menu_order":0,"comment_status":"closed","ping_status":"closed","template":"","meta":{"nf_dc_page":"","om_disable_all_campaigns":false,"_monsterinsights_skip_tracking":false,"_monsterinsights_sitenote_active":false,"_monsterinsights_sitenote_note":"","_monsterinsights_sitenote_category":0,"footnotes":""},"class_list":["post-163","page","type-page","status-publish","hentry"],"yoast_head":"<!-- This site is optimized with the Yoast SEO plugin v27.6 - https:\/\/yoast.com\/product\/yoast-seo-wordpress\/ -->\n<title>Privacy Policy -<\/title>\n<meta name=\"robots\" content=\"index, follow, max-snippet:-1, max-image-preview:large, max-video-preview:-1\" \/>\n<link rel=\"canonical\" href=\"https:\/\/skyhawkassetrecoveryllc.com\/es\/privacy\/\" \/>\n<meta property=\"og:locale\" content=\"es_MX\" \/>\n<meta property=\"og:type\" content=\"article\" \/>\n<meta property=\"og:title\" content=\"Privacy Policy -\" \/>\n<meta property=\"og:description\" content=\"www.skyhawkassetrecoveryllc.com (the &#8220;Site&#8221;) is owned and operated by Kimberly Russell and Bill Aubin. Kimberly Russell and Bill Aubin can be contacted at: info@skyhawkassetrecoveryllc.com(877) 411-429512424 Big Timber Drive #5 Conifer, CO 80433 Purpose\u00a0The purpose of this privacy policy (this &#8220;Privacy Policy&#8221;) is to inform users of our Site of the following: 1. The personal data we [&hellip;]\" \/>\n<meta property=\"og:url\" content=\"https:\/\/skyhawkassetrecoveryllc.com\/es\/privacy\/\" \/>\n<meta property=\"article:modified_time\" content=\"2025-03-17T06:28:45+00:00\" \/>\n<meta name=\"twitter:card\" content=\"summary_large_image\" \/>\n<meta name=\"twitter:label1\" content=\"Tiempo de lectura\" \/>\n\t<meta name=\"twitter:data1\" content=\"5 minutos\" \/>\n<script type=\"application\/ld+json\" class=\"yoast-schema-graph\">{\"@context\":\"https:\\\/\\\/schema.org\",\"@graph\":[{\"@type\":\"WebPage\",\"@id\":\"https:\\\/\\\/skyhawkassetrecoveryllc.com\\\/privacy\\\/\",\"url\":\"https:\\\/\\\/skyhawkassetrecoveryllc.com\\\/privacy\\\/\",\"name\":\"Privacy Policy -\",\"isPartOf\":{\"@id\":\"https:\\\/\\\/skyhawkassetrecoveryllc.com\\\/#website\"},\"datePublished\":\"2024-10-04T01:26:46+00:00\",\"dateModified\":\"2025-03-17T06:28:45+00:00\",\"breadcrumb\":{\"@id\":\"https:\\\/\\\/skyhawkassetrecoveryllc.com\\\/privacy\\\/#breadcrumb\"},\"inLanguage\":\"es\",\"potentialAction\":[{\"@type\":\"ReadAction\",\"target\":[\"https:\\\/\\\/skyhawkassetrecoveryllc.com\\\/privacy\\\/\"]}]},{\"@type\":\"BreadcrumbList\",\"@id\":\"https:\\\/\\\/skyhawkassetrecoveryllc.com\\\/privacy\\\/#breadcrumb\",\"itemListElement\":[{\"@type\":\"ListItem\",\"position\":1,\"name\":\"Home\",\"item\":\"https:\\\/\\\/skyhawkassetrecoveryllc.com\\\/\"},{\"@type\":\"ListItem\",\"position\":2,\"name\":\"Privacy Policy\"}]},{\"@type\":\"WebSite\",\"@id\":\"https:\\\/\\\/skyhawkassetrecoveryllc.com\\\/#website\",\"url\":\"https:\\\/\\\/skyhawkassetrecoveryllc.com\\\/\",\"name\":\"\",\"description\":\"\",\"potentialAction\":[{\"@type\":\"SearchAction\",\"target\":{\"@type\":\"EntryPoint\",\"urlTemplate\":\"https:\\\/\\\/skyhawkassetrecoveryllc.com\\\/?s={search_term_string}\"},\"query-input\":{\"@type\":\"PropertyValueSpecification\",\"valueRequired\":true,\"valueName\":\"search_term_string\"}}],\"inLanguage\":\"es\"}]}<\/script>\n<!-- \/ Yoast SEO plugin. -->","yoast_head_json":{"title":"Privacy Policy -","robots":{"index":"index","follow":"follow","max-snippet":"max-snippet:-1","max-image-preview":"max-image-preview:large","max-video-preview":"max-video-preview:-1"},"canonical":"https:\/\/skyhawkassetrecoveryllc.com\/es\/privacy\/","og_locale":"es_MX","og_type":"article","og_title":"Privacy Policy -","og_description":"www.skyhawkassetrecoveryllc.com (the &#8220;Site&#8221;) is owned and operated by Kimberly Russell and Bill Aubin. Kimberly Russell and Bill Aubin can be contacted at: info@skyhawkassetrecoveryllc.com(877) 411-429512424 Big Timber Drive #5 Conifer, CO 80433 Purpose\u00a0The purpose of this privacy policy (this &#8220;Privacy Policy&#8221;) is to inform users of our Site of the following: 1. The personal data we [&hellip;]","og_url":"https:\/\/skyhawkassetrecoveryllc.com\/es\/privacy\/","article_modified_time":"2025-03-17T06:28:45+00:00","twitter_card":"summary_large_image","twitter_misc":{"Tiempo de lectura":"5 minutos"},"schema":{"@context":"https:\/\/schema.org","@graph":[{"@type":"WebPage","@id":"https:\/\/skyhawkassetrecoveryllc.com\/privacy\/","url":"https:\/\/skyhawkassetrecoveryllc.com\/privacy\/","name":"Privacy Policy -","isPartOf":{"@id":"https:\/\/skyhawkassetrecoveryllc.com\/#website"},"datePublished":"2024-10-04T01:26:46+00:00","dateModified":"2025-03-17T06:28:45+00:00","breadcrumb":{"@id":"https:\/\/skyhawkassetrecoveryllc.com\/privacy\/#breadcrumb"},"inLanguage":"es","potentialAction":[{"@type":"ReadAction","target":["https:\/\/skyhawkassetrecoveryllc.com\/privacy\/"]}]},{"@type":"BreadcrumbList","@id":"https:\/\/skyhawkassetrecoveryllc.com\/privacy\/#breadcrumb","itemListElement":[{"@type":"ListItem","position":1,"name":"Home","item":"https:\/\/skyhawkassetrecoveryllc.com\/"},{"@type":"ListItem","position":2,"name":"Privacy Policy"}]},{"@type":"WebSite","@id":"https:\/\/skyhawkassetrecoveryllc.com\/#website","url":"https:\/\/skyhawkassetrecoveryllc.com\/","name":"","description":"","potentialAction":[{"@type":"SearchAction","target":{"@type":"EntryPoint","urlTemplate":"https:\/\/skyhawkassetrecoveryllc.com\/?s={search_term_string}"},"query-input":{"@type":"PropertyValueSpecification","valueRequired":true,"valueName":"search_term_string"}}],"inLanguage":"es"}]}},"jetpack_sharing_enabled":true,"_links":{"self":[{"href":"https:\/\/skyhawkassetrecoveryllc.com\/es\/wp-json\/wp\/v2\/pages\/163","targetHints":{"allow":["GET"]}}],"collection":[{"href":"https:\/\/skyhawkassetrecoveryllc.com\/es\/wp-json\/wp\/v2\/pages"}],"about":[{"href":"https:\/\/skyhawkassetrecoveryllc.com\/es\/wp-json\/wp\/v2\/types\/page"}],"author":[{"embeddable":true,"href":"https:\/\/skyhawkassetrecoveryllc.com\/es\/wp-json\/wp\/v2\/users\/1"}],"replies":[{"embeddable":true,"href":"https:\/\/skyhawkassetrecoveryllc.com\/es\/wp-json\/wp\/v2\/comments?post=163"}],"version-history":[{"count":19,"href":"https:\/\/skyhawkassetrecoveryllc.com\/es\/wp-json\/wp\/v2\/pages\/163\/revisions"}],"predecessor-version":[{"id":527,"href":"https:\/\/skyhawkassetrecoveryllc.com\/es\/wp-json\/wp\/v2\/pages\/163\/revisions\/527"}],"wp:attachment":[{"href":"https:\/\/skyhawkassetrecoveryllc.com\/es\/wp-json\/wp\/v2\/media?parent=163"}],"curies":[{"name":"wp","href":"https:\/\/api.w.org\/{rel}","templated":true}]}}